{"id":701,"date":"2023-05-08T12:30:16","date_gmt":"2023-05-08T10:30:16","guid":{"rendered":"https:\/\/piccolofrassino.com\/servizi\/"},"modified":"2023-05-22T12:13:11","modified_gmt":"2023-05-22T10:13:11","slug":"dienstleistungen","status":"publish","type":"page","link":"https:\/\/piccolofrassino.com\/de\/dienstleistungen\/","title":{"rendered":"Dienstleistungen"},"content":{"rendered":"<p>Die Piccolo Frassino Villa wurde so konzipiert, dass sie h\u00f6chsten Komfort und Entspannung bietet und moderne L\u00f6sungen mit traditionellen Merkmalen in Stil und Service kombiniert. Gut organisierte und ordnungsgem\u00e4\u00df getrennte R\u00e4ume bieten die gleiche Privatsph\u00e4re wie zu Hause. Die Villa, die von einem Mail\u00e4nder Architekten entworfen wurde, der sich in diesen Ort verliebt hatte, wurde unter Beibehaltung der urspr\u00fcnglichen Vision und Merkmale, wie z. B. der sichtbaren Steine<\/p>\n","protected":false},"excerpt":{"rendered":"<p>Die Piccolo Frassino Villa wurde so konzipiert, dass sie h\u00f6chsten Komfort und Entspannung bietet und moderne L\u00f6sungen mit traditionellen Merkmalen in Stil und Service kombiniert. Gut organisierte und ordnungsgem\u00e4\u00df getrennte R\u00e4ume bieten die gleiche Privatsph\u00e4re wie zu Hause. Die Villa, die von einem Mail\u00e4nder Architekten entworfen wurde, der sich in diesen Ort verliebt hatte, wurde [&hellip;]<\/p>\n","protected":false},"author":1,"featured_media":649,"parent":0,"menu_order":0,"comment_status":"closed","ping_status":"closed","template":"","meta":{"_acf_changed":false,"footnotes":""},"class_list":["post-701","page","type-page","status-publish","has-post-thumbnail","hentry"],"acf":[],"yoast_head":"<!-- This site is optimized with the Yoast SEO plugin v27.4 - https:\/\/yoast.com\/product\/yoast-seo-wordpress\/ -->\n<title>Dienstleistungen - Piccolo Frassino<\/title>\n<meta name=\"robots\" content=\"index, follow, max-snippet:-1, max-image-preview:large, max-video-preview:-1\" \/>\n<link rel=\"canonical\" href=\"https:\/\/piccolofrassino.com\/de\/dienstleistungen\/\" \/>\n<meta property=\"og:locale\" content=\"de_DE\" \/>\n<meta property=\"og:type\" content=\"article\" \/>\n<meta property=\"og:title\" content=\"Dienstleistungen - Piccolo Frassino\" \/>\n<meta property=\"og:description\" content=\"Die Piccolo Frassino Villa wurde so konzipiert, dass sie h\u00f6chsten Komfort und Entspannung bietet und moderne L\u00f6sungen mit traditionellen Merkmalen in Stil und Service kombiniert. Gut organisierte und ordnungsgem\u00e4\u00df getrennte R\u00e4ume bieten die gleiche Privatsph\u00e4re wie zu Hause. Die Villa, die von einem Mail\u00e4nder Architekten entworfen wurde, der sich in diesen Ort verliebt hatte, wurde [&hellip;]\" \/>\n<meta property=\"og:url\" content=\"https:\/\/piccolofrassino.com\/de\/dienstleistungen\/\" \/>\n<meta property=\"og:site_name\" content=\"Piccolo Frassino\" \/>\n<meta property=\"article:modified_time\" content=\"2023-05-22T10:13:11+00:00\" \/>\n<meta property=\"og:image\" content=\"https:\/\/piccolofrassino.com\/assets\/uploads\/D-003.jpg\" \/>\n\t<meta property=\"og:image:width\" content=\"1920\" \/>\n\t<meta property=\"og:image:height\" content=\"1080\" \/>\n\t<meta property=\"og:image:type\" content=\"image\/jpeg\" \/>\n<meta name=\"twitter:card\" content=\"summary_large_image\" \/>\n<script type=\"application\/ld+json\" class=\"yoast-schema-graph\">{\"@context\":\"https:\\\/\\\/schema.org\",\"@graph\":[{\"@type\":\"WebPage\",\"@id\":\"https:\\\/\\\/piccolofrassino.com\\\/de\\\/dienstleistungen\\\/\",\"url\":\"https:\\\/\\\/piccolofrassino.com\\\/de\\\/dienstleistungen\\\/\",\"name\":\"Dienstleistungen - Piccolo Frassino\",\"isPartOf\":{\"@id\":\"https:\\\/\\\/piccolofrassino.com\\\/de\\\/#website\"},\"primaryImageOfPage\":{\"@id\":\"https:\\\/\\\/piccolofrassino.com\\\/de\\\/dienstleistungen\\\/#primaryimage\"},\"image\":{\"@id\":\"https:\\\/\\\/piccolofrassino.com\\\/de\\\/dienstleistungen\\\/#primaryimage\"},\"thumbnailUrl\":\"https:\\\/\\\/piccolofrassino.com\\\/assets\\\/uploads\\\/D-003.jpg\",\"datePublished\":\"2023-05-08T10:30:16+00:00\",\"dateModified\":\"2023-05-22T10:13:11+00:00\",\"breadcrumb\":{\"@id\":\"https:\\\/\\\/piccolofrassino.com\\\/de\\\/dienstleistungen\\\/#breadcrumb\"},\"inLanguage\":\"de\",\"potentialAction\":[{\"@type\":\"ReadAction\",\"target\":[\"https:\\\/\\\/piccolofrassino.com\\\/de\\\/dienstleistungen\\\/\"]}]},{\"@type\":\"ImageObject\",\"inLanguage\":\"de\",\"@id\":\"https:\\\/\\\/piccolofrassino.com\\\/de\\\/dienstleistungen\\\/#primaryimage\",\"url\":\"https:\\\/\\\/piccolofrassino.com\\\/assets\\\/uploads\\\/D-003.jpg\",\"contentUrl\":\"https:\\\/\\\/piccolofrassino.com\\\/assets\\\/uploads\\\/D-003.jpg\",\"width\":1920,\"height\":1080},{\"@type\":\"BreadcrumbList\",\"@id\":\"https:\\\/\\\/piccolofrassino.com\\\/de\\\/dienstleistungen\\\/#breadcrumb\",\"itemListElement\":[{\"@type\":\"ListItem\",\"position\":1,\"name\":\"Home\",\"item\":\"https:\\\/\\\/piccolofrassino.com\\\/de\\\/home\\\/\"},{\"@type\":\"ListItem\",\"position\":2,\"name\":\"Dienstleistungen\"}]},{\"@type\":\"WebSite\",\"@id\":\"https:\\\/\\\/piccolofrassino.com\\\/de\\\/#website\",\"url\":\"https:\\\/\\\/piccolofrassino.com\\\/de\\\/\",\"name\":\"Piccolo Frassino\",\"description\":\"Locazione turistica nel cuore della Lessinia\",\"publisher\":{\"@id\":\"https:\\\/\\\/piccolofrassino.com\\\/de\\\/#organization\"},\"potentialAction\":[{\"@type\":\"SearchAction\",\"target\":{\"@type\":\"EntryPoint\",\"urlTemplate\":\"https:\\\/\\\/piccolofrassino.com\\\/de\\\/?s={search_term_string}\"},\"query-input\":{\"@type\":\"PropertyValueSpecification\",\"valueRequired\":true,\"valueName\":\"search_term_string\"}}],\"inLanguage\":\"de\"},{\"@type\":\"Organization\",\"@id\":\"https:\\\/\\\/piccolofrassino.com\\\/de\\\/#organization\",\"name\":\"Piccolo Frassino\",\"url\":\"https:\\\/\\\/piccolofrassino.com\\\/de\\\/\",\"logo\":{\"@type\":\"ImageObject\",\"inLanguage\":\"de\",\"@id\":\"https:\\\/\\\/piccolofrassino.com\\\/de\\\/#\\\/schema\\\/logo\\\/image\\\/\",\"url\":\"https:\\\/\\\/piccolofrassino.com\\\/assets\\\/uploads\\\/logo.svg\",\"contentUrl\":\"https:\\\/\\\/piccolofrassino.com\\\/assets\\\/uploads\\\/logo.svg\",\"width\":1,\"height\":1,\"caption\":\"Piccolo Frassino\"},\"image\":{\"@id\":\"https:\\\/\\\/piccolofrassino.com\\\/de\\\/#\\\/schema\\\/logo\\\/image\\\/\"}}]}<\/script>\n<!-- \/ Yoast SEO plugin. -->","yoast_head_json":{"title":"Dienstleistungen - Piccolo Frassino","robots":{"index":"index","follow":"follow","max-snippet":"max-snippet:-1","max-image-preview":"max-image-preview:large","max-video-preview":"max-video-preview:-1"},"canonical":"https:\/\/piccolofrassino.com\/de\/dienstleistungen\/","og_locale":"de_DE","og_type":"article","og_title":"Dienstleistungen - Piccolo Frassino","og_description":"Die Piccolo Frassino Villa wurde so konzipiert, dass sie h\u00f6chsten Komfort und Entspannung bietet und moderne L\u00f6sungen mit traditionellen Merkmalen in Stil und Service kombiniert. Gut organisierte und ordnungsgem\u00e4\u00df getrennte R\u00e4ume bieten die gleiche Privatsph\u00e4re wie zu Hause. Die Villa, die von einem Mail\u00e4nder Architekten entworfen wurde, der sich in diesen Ort verliebt hatte, wurde [&hellip;]","og_url":"https:\/\/piccolofrassino.com\/de\/dienstleistungen\/","og_site_name":"Piccolo Frassino","article_modified_time":"2023-05-22T10:13:11+00:00","og_image":[{"width":1920,"height":1080,"url":"https:\/\/piccolofrassino.com\/assets\/uploads\/D-003.jpg","type":"image\/jpeg"}],"twitter_card":"summary_large_image","schema":{"@context":"https:\/\/schema.org","@graph":[{"@type":"WebPage","@id":"https:\/\/piccolofrassino.com\/de\/dienstleistungen\/","url":"https:\/\/piccolofrassino.com\/de\/dienstleistungen\/","name":"Dienstleistungen - Piccolo Frassino","isPartOf":{"@id":"https:\/\/piccolofrassino.com\/de\/#website"},"primaryImageOfPage":{"@id":"https:\/\/piccolofrassino.com\/de\/dienstleistungen\/#primaryimage"},"image":{"@id":"https:\/\/piccolofrassino.com\/de\/dienstleistungen\/#primaryimage"},"thumbnailUrl":"https:\/\/piccolofrassino.com\/assets\/uploads\/D-003.jpg","datePublished":"2023-05-08T10:30:16+00:00","dateModified":"2023-05-22T10:13:11+00:00","breadcrumb":{"@id":"https:\/\/piccolofrassino.com\/de\/dienstleistungen\/#breadcrumb"},"inLanguage":"de","potentialAction":[{"@type":"ReadAction","target":["https:\/\/piccolofrassino.com\/de\/dienstleistungen\/"]}]},{"@type":"ImageObject","inLanguage":"de","@id":"https:\/\/piccolofrassino.com\/de\/dienstleistungen\/#primaryimage","url":"https:\/\/piccolofrassino.com\/assets\/uploads\/D-003.jpg","contentUrl":"https:\/\/piccolofrassino.com\/assets\/uploads\/D-003.jpg","width":1920,"height":1080},{"@type":"BreadcrumbList","@id":"https:\/\/piccolofrassino.com\/de\/dienstleistungen\/#breadcrumb","itemListElement":[{"@type":"ListItem","position":1,"name":"Home","item":"https:\/\/piccolofrassino.com\/de\/home\/"},{"@type":"ListItem","position":2,"name":"Dienstleistungen"}]},{"@type":"WebSite","@id":"https:\/\/piccolofrassino.com\/de\/#website","url":"https:\/\/piccolofrassino.com\/de\/","name":"Piccolo Frassino","description":"Locazione turistica nel cuore della Lessinia","publisher":{"@id":"https:\/\/piccolofrassino.com\/de\/#organization"},"potentialAction":[{"@type":"SearchAction","target":{"@type":"EntryPoint","urlTemplate":"https:\/\/piccolofrassino.com\/de\/?s={search_term_string}"},"query-input":{"@type":"PropertyValueSpecification","valueRequired":true,"valueName":"search_term_string"}}],"inLanguage":"de"},{"@type":"Organization","@id":"https:\/\/piccolofrassino.com\/de\/#organization","name":"Piccolo Frassino","url":"https:\/\/piccolofrassino.com\/de\/","logo":{"@type":"ImageObject","inLanguage":"de","@id":"https:\/\/piccolofrassino.com\/de\/#\/schema\/logo\/image\/","url":"https:\/\/piccolofrassino.com\/assets\/uploads\/logo.svg","contentUrl":"https:\/\/piccolofrassino.com\/assets\/uploads\/logo.svg","width":1,"height":1,"caption":"Piccolo Frassino"},"image":{"@id":"https:\/\/piccolofrassino.com\/de\/#\/schema\/logo\/image\/"}}]}},"_links":{"self":[{"href":"https:\/\/piccolofrassino.com\/de\/wp-json\/wp\/v2\/pages\/701","targetHints":{"allow":["GET"]}}],"collection":[{"href":"https:\/\/piccolofrassino.com\/de\/wp-json\/wp\/v2\/pages"}],"about":[{"href":"https:\/\/piccolofrassino.com\/de\/wp-json\/wp\/v2\/types\/page"}],"author":[{"embeddable":true,"href":"https:\/\/piccolofrassino.com\/de\/wp-json\/wp\/v2\/users\/1"}],"replies":[{"embeddable":true,"href":"https:\/\/piccolofrassino.com\/de\/wp-json\/wp\/v2\/comments?post=701"}],"version-history":[{"count":4,"href":"https:\/\/piccolofrassino.com\/de\/wp-json\/wp\/v2\/pages\/701\/revisions"}],"predecessor-version":[{"id":770,"href":"https:\/\/piccolofrassino.com\/de\/wp-json\/wp\/v2\/pages\/701\/revisions\/770"}],"wp:featuredmedia":[{"embeddable":true,"href":"https:\/\/piccolofrassino.com\/de\/wp-json\/wp\/v2\/media\/649"}],"wp:attachment":[{"href":"https:\/\/piccolofrassino.com\/de\/wp-json\/wp\/v2\/media?parent=701"}],"curies":[{"name":"wp","href":"https:\/\/api.w.org\/{rel}","templated":true}]}}